{"id":16827,"date":"2023-03-22T15:02:54","date_gmt":"2023-03-22T14:02:54","guid":{"rendered":"https:\/\/xn--urbaseal-i3a.es\/index.php\/producto\/senal-s-26b\/"},"modified":"2023-03-22T15:37:29","modified_gmt":"2023-03-22T14:37:29","slug":"senal-s-26b","status":"publish","type":"product","link":"https:\/\/xn--urbaseal-i3a.es\/?product=senal-s-26b","title":{"rendered":"Se\u00f1al S-26B"},"content":{"rendered":"<p>Se\u00f1alizaci\u00f3n vertical de circulaci\u00f3n, Indicaci\u00f3n, Indicaciones generales, Panel de aproximaci\u00f3n a salida (200 m)<\/p>\n","protected":false},"excerpt":{"rendered":"<p>Se\u00f1alizaci\u00f3n vertical de circulaci\u00f3n, Indicaci\u00f3n, Indicaciones generales, Panel de aproximaci\u00f3n a salida (200 m)<\/p>\n","protected":false},"featured_media":15620,"template":"","meta":[],"product_brand":[],"product_cat":[265,257,256],"product_tag":[],"class_list":{"0":"post-16827","1":"product","2":"type-product","3":"status-publish","4":"has-post-thumbnail","6":"product_cat-indicaciones-generales","7":"product_cat-senales-de-codigo","8":"product_cat-senalizacion-vertical","10":"first","11":"instock","12":"shipping-taxable","13":"product-type-simple"},"aioseo_notices":[],"_links":{"self":[{"href":"https:\/\/xn--urbaseal-i3a.es\/index.php?rest_route=\/wp\/v2\/product\/16827","targetHints":{"allow":["GET"]}}],"collection":[{"href":"https:\/\/xn--urbaseal-i3a.es\/index.php?rest_route=\/wp\/v2\/product"}],"about":[{"href":"https:\/\/xn--urbaseal-i3a.es\/index.php?rest_route=\/wp\/v2\/types\/product"}],"version-history":[{"count":0,"href":"https:\/\/xn--urbaseal-i3a.es\/index.php?rest_route=\/wp\/v2\/product\/16827\/revisions"}],"wp:featuredmedia":[{"embeddable":true,"href":"https:\/\/xn--urbaseal-i3a.es\/index.php?rest_route=\/wp\/v2\/media\/15620"}],"wp:attachment":[{"href":"https:\/\/xn--urbaseal-i3a.es\/index.php?rest_route=%2Fwp%2Fv2%2Fmedia&parent=16827"}],"wp:term":[{"taxonomy":"product_brand","embeddable":true,"href":"https:\/\/xn--urbaseal-i3a.es\/index.php?rest_route=%2Fwp%2Fv2%2Fproduct_brand&post=16827"},{"taxonomy":"product_cat","embeddable":true,"href":"https:\/\/xn--urbaseal-i3a.es\/index.php?rest_route=%2Fwp%2Fv2%2Fproduct_cat&post=16827"},{"taxonomy":"product_tag","embeddable":true,"href":"https:\/\/xn--urbaseal-i3a.es\/index.php?rest_route=%2Fwp%2Fv2%2Fproduct_tag&post=16827"}],"curies":[{"name":"wp","href":"https:\/\/api.w.org\/{rel}","templated":true}]}}