{"id":16850,"date":"2023-03-22T15:02:59","date_gmt":"2023-03-22T14:02:59","guid":{"rendered":"https:\/\/xn--urbaseal-i3a.es\/index.php\/producto\/senal-s-53c\/"},"modified":"2023-03-22T17:44:28","modified_gmt":"2023-03-22T16:44:28","slug":"senal-s-53c","status":"publish","type":"product","link":"https:\/\/xn--urbaseal-i3a.es\/?product=senal-s-53c","title":{"rendered":"Se\u00f1al S-53C"},"content":{"rendered":"<p>Se\u00f1alizaci\u00f3n vertical de circulaci\u00f3n, Indicaci\u00f3n, Carriles,Paso de dos a tres carriles de circulaci\u00f3n<\/p>\n","protected":false},"excerpt":{"rendered":"<p>Se\u00f1alizaci\u00f3n vertical de circulaci\u00f3n, Indicaci\u00f3n, Carriles,Paso de dos a tres carriles de circulaci\u00f3n<\/p>\n","protected":false},"featured_media":17826,"template":"","meta":[],"product_brand":[],"product_cat":[266],"product_tag":[],"class_list":{"0":"post-16850","1":"product","2":"type-product","3":"status-publish","4":"has-post-thumbnail","6":"product_cat-carriles","8":"first","9":"instock","10":"shipping-taxable","11":"product-type-simple"},"aioseo_notices":[],"_links":{"self":[{"href":"https:\/\/xn--urbaseal-i3a.es\/index.php?rest_route=\/wp\/v2\/product\/16850","targetHints":{"allow":["GET"]}}],"collection":[{"href":"https:\/\/xn--urbaseal-i3a.es\/index.php?rest_route=\/wp\/v2\/product"}],"about":[{"href":"https:\/\/xn--urbaseal-i3a.es\/index.php?rest_route=\/wp\/v2\/types\/product"}],"version-history":[{"count":1,"href":"https:\/\/xn--urbaseal-i3a.es\/index.php?rest_route=\/wp\/v2\/product\/16850\/revisions"}],"predecessor-version":[{"id":17827,"href":"https:\/\/xn--urbaseal-i3a.es\/index.php?rest_route=\/wp\/v2\/product\/16850\/revisions\/17827"}],"wp:featuredmedia":[{"embeddable":true,"href":"https:\/\/xn--urbaseal-i3a.es\/index.php?rest_route=\/wp\/v2\/media\/17826"}],"wp:attachment":[{"href":"https:\/\/xn--urbaseal-i3a.es\/index.php?rest_route=%2Fwp%2Fv2%2Fmedia&parent=16850"}],"wp:term":[{"taxonomy":"product_brand","embeddable":true,"href":"https:\/\/xn--urbaseal-i3a.es\/index.php?rest_route=%2Fwp%2Fv2%2Fproduct_brand&post=16850"},{"taxonomy":"product_cat","embeddable":true,"href":"https:\/\/xn--urbaseal-i3a.es\/index.php?rest_route=%2Fwp%2Fv2%2Fproduct_cat&post=16850"},{"taxonomy":"product_tag","embeddable":true,"href":"https:\/\/xn--urbaseal-i3a.es\/index.php?rest_route=%2Fwp%2Fv2%2Fproduct_tag&post=16850"}],"curies":[{"name":"wp","href":"https:\/\/api.w.org\/{rel}","templated":true}]}}