{"id":16976,"date":"2023-03-22T15:03:32","date_gmt":"2023-03-22T14:03:32","guid":{"rendered":"https:\/\/xn--urbaseal-i3a.es\/index.php\/producto\/senal-s-347\/"},"modified":"2023-03-22T15:38:00","modified_gmt":"2023-03-22T14:38:00","slug":"senal-s-347","status":"publish","type":"product","link":"https:\/\/xn--urbaseal-i3a.es\/?product=senal-s-347","title":{"rendered":"Se\u00f1al S-347"},"content":{"rendered":"<p>Se\u00f1alizaci\u00f3n vertical de circulaci\u00f3n, Indicaci\u00f3n, Orientaci\u00f3n, Direcci\u00f3n, Se\u00f1ales de destino de salida inmediata hacia una zona, \u00e1rea o v\u00eda de servicios, con salida compartida hacia una autopista o autov\u00eda<\/p>\n","protected":false},"excerpt":{"rendered":"<p>Se\u00f1alizaci\u00f3n vertical de circulaci\u00f3n, Indicaci\u00f3n, Orientaci\u00f3n, Direcci\u00f3n, Se\u00f1ales de destino de salida inmediata hacia una zona, \u00e1rea o v\u00eda de<\/p>\n","protected":false},"featured_media":15867,"template":"","meta":[],"product_brand":[],"product_cat":[276,257,256],"product_tag":[],"class_list":{"0":"post-16976","1":"product","2":"type-product","3":"status-publish","4":"has-post-thumbnail","6":"product_cat-direccion","7":"product_cat-senales-de-codigo","8":"product_cat-senalizacion-vertical","10":"first","11":"instock","12":"shipping-taxable","13":"product-type-simple"},"aioseo_notices":[],"_links":{"self":[{"href":"https:\/\/xn--urbaseal-i3a.es\/index.php?rest_route=\/wp\/v2\/product\/16976","targetHints":{"allow":["GET"]}}],"collection":[{"href":"https:\/\/xn--urbaseal-i3a.es\/index.php?rest_route=\/wp\/v2\/product"}],"about":[{"href":"https:\/\/xn--urbaseal-i3a.es\/index.php?rest_route=\/wp\/v2\/types\/product"}],"version-history":[{"count":0,"href":"https:\/\/xn--urbaseal-i3a.es\/index.php?rest_route=\/wp\/v2\/product\/16976\/revisions"}],"wp:featuredmedia":[{"embeddable":true,"href":"https:\/\/xn--urbaseal-i3a.es\/index.php?rest_route=\/wp\/v2\/media\/15867"}],"wp:attachment":[{"href":"https:\/\/xn--urbaseal-i3a.es\/index.php?rest_route=%2Fwp%2Fv2%2Fmedia&parent=16976"}],"wp:term":[{"taxonomy":"product_brand","embeddable":true,"href":"https:\/\/xn--urbaseal-i3a.es\/index.php?rest_route=%2Fwp%2Fv2%2Fproduct_brand&post=16976"},{"taxonomy":"product_cat","embeddable":true,"href":"https:\/\/xn--urbaseal-i3a.es\/index.php?rest_route=%2Fwp%2Fv2%2Fproduct_cat&post=16976"},{"taxonomy":"product_tag","embeddable":true,"href":"https:\/\/xn--urbaseal-i3a.es\/index.php?rest_route=%2Fwp%2Fv2%2Fproduct_tag&post=16976"}],"curies":[{"name":"wp","href":"https:\/\/api.w.org\/{rel}","templated":true}]}}