{"id":16980,"date":"2023-03-22T15:03:33","date_gmt":"2023-03-22T14:03:33","guid":{"rendered":"https:\/\/xn--urbaseal-i3a.es\/index.php\/producto\/senal-s-354\/"},"modified":"2023-03-23T13:28:42","modified_gmt":"2023-03-23T12:28:42","slug":"senal-s-354","status":"publish","type":"product","link":"https:\/\/xn--urbaseal-i3a.es\/?product=senal-s-354","title":{"rendered":"Se\u00f1al S-354"},"content":{"rendered":"<p>Se\u00f1alizaci\u00f3n vertical de circulaci\u00f3n, Indicaci\u00f3n, Orientaci\u00f3n, Direcci\u00f3n, Se\u00f1al sobre la calzada, en carretera convencional. Salida inmediata hacia autopista o autov\u00eda<\/p>\n","protected":false},"excerpt":{"rendered":"<p>Se\u00f1alizaci\u00f3n vertical de circulaci\u00f3n, Indicaci\u00f3n, Orientaci\u00f3n, Direcci\u00f3n, Se\u00f1al sobre la calzada, en carretera convencional. Salida inmediata hacia autopista o autov\u00eda<\/p>\n","protected":false},"featured_media":17863,"template":"","meta":[],"product_brand":[],"product_cat":[276],"product_tag":[],"class_list":{"0":"post-16980","1":"product","2":"type-product","3":"status-publish","4":"has-post-thumbnail","6":"product_cat-direccion","8":"first","9":"instock","10":"shipping-taxable","11":"product-type-simple"},"aioseo_notices":[],"_links":{"self":[{"href":"https:\/\/xn--urbaseal-i3a.es\/index.php?rest_route=\/wp\/v2\/product\/16980","targetHints":{"allow":["GET"]}}],"collection":[{"href":"https:\/\/xn--urbaseal-i3a.es\/index.php?rest_route=\/wp\/v2\/product"}],"about":[{"href":"https:\/\/xn--urbaseal-i3a.es\/index.php?rest_route=\/wp\/v2\/types\/product"}],"version-history":[{"count":1,"href":"https:\/\/xn--urbaseal-i3a.es\/index.php?rest_route=\/wp\/v2\/product\/16980\/revisions"}],"predecessor-version":[{"id":17864,"href":"https:\/\/xn--urbaseal-i3a.es\/index.php?rest_route=\/wp\/v2\/product\/16980\/revisions\/17864"}],"wp:featuredmedia":[{"embeddable":true,"href":"https:\/\/xn--urbaseal-i3a.es\/index.php?rest_route=\/wp\/v2\/media\/17863"}],"wp:attachment":[{"href":"https:\/\/xn--urbaseal-i3a.es\/index.php?rest_route=%2Fwp%2Fv2%2Fmedia&parent=16980"}],"wp:term":[{"taxonomy":"product_brand","embeddable":true,"href":"https:\/\/xn--urbaseal-i3a.es\/index.php?rest_route=%2Fwp%2Fv2%2Fproduct_brand&post=16980"},{"taxonomy":"product_cat","embeddable":true,"href":"https:\/\/xn--urbaseal-i3a.es\/index.php?rest_route=%2Fwp%2Fv2%2Fproduct_cat&post=16980"},{"taxonomy":"product_tag","embeddable":true,"href":"https:\/\/xn--urbaseal-i3a.es\/index.php?rest_route=%2Fwp%2Fv2%2Fproduct_tag&post=16980"}],"curies":[{"name":"wp","href":"https:\/\/api.w.org\/{rel}","templated":true}]}}