{"id":16992,"date":"2023-03-22T15:03:36","date_gmt":"2023-03-22T14:03:36","guid":{"rendered":"https:\/\/xn--urbaseal-i3a.es\/index.php\/producto\/mod-triunfo\/"},"modified":"2023-03-22T15:03:36","modified_gmt":"2023-03-22T14:03:36","slug":"mod-triunfo","status":"publish","type":"product","link":"https:\/\/xn--urbaseal-i3a.es\/?product=mod-triunfo","title":{"rendered":"MOD. Triunfo"},"content":{"rendered":"<p>Se\u00f1al fabricada en chapa de aluminio de 2mm de espesor conformada por embutici\u00f3n o plegado con pesta\u00f1a perimetral de 25mm, cara frontal lisa.<\/p>\n","protected":false},"excerpt":{"rendered":"<p>Se\u00f1al fabricada en chapa de aluminio de 2mm de espesor conformada por embutici\u00f3n o plegado con pesta\u00f1a perimetral de 25mm,<\/p>\n","protected":false},"featured_media":12420,"template":"","meta":[],"product_brand":[],"product_cat":[278,277],"product_tag":[],"class_list":{"0":"post-16992","1":"product","2":"type-product","3":"status-publish","4":"has-post-thumbnail","6":"product_cat-senales-de-circulacion","7":"product_cat-senalizacion-urbana","9":"first","10":"instock","11":"shipping-taxable","12":"product-type-simple"},"aioseo_notices":[],"_links":{"self":[{"href":"https:\/\/xn--urbaseal-i3a.es\/index.php?rest_route=\/wp\/v2\/product\/16992","targetHints":{"allow":["GET"]}}],"collection":[{"href":"https:\/\/xn--urbaseal-i3a.es\/index.php?rest_route=\/wp\/v2\/product"}],"about":[{"href":"https:\/\/xn--urbaseal-i3a.es\/index.php?rest_route=\/wp\/v2\/types\/product"}],"version-history":[{"count":0,"href":"https:\/\/xn--urbaseal-i3a.es\/index.php?rest_route=\/wp\/v2\/product\/16992\/revisions"}],"wp:featuredmedia":[{"embeddable":true,"href":"https:\/\/xn--urbaseal-i3a.es\/index.php?rest_route=\/wp\/v2\/media\/12420"}],"wp:attachment":[{"href":"https:\/\/xn--urbaseal-i3a.es\/index.php?rest_route=%2Fwp%2Fv2%2Fmedia&parent=16992"}],"wp:term":[{"taxonomy":"product_brand","embeddable":true,"href":"https:\/\/xn--urbaseal-i3a.es\/index.php?rest_route=%2Fwp%2Fv2%2Fproduct_brand&post=16992"},{"taxonomy":"product_cat","embeddable":true,"href":"https:\/\/xn--urbaseal-i3a.es\/index.php?rest_route=%2Fwp%2Fv2%2Fproduct_cat&post=16992"},{"taxonomy":"product_tag","embeddable":true,"href":"https:\/\/xn--urbaseal-i3a.es\/index.php?rest_route=%2Fwp%2Fv2%2Fproduct_tag&post=16992"}],"curies":[{"name":"wp","href":"https:\/\/api.w.org\/{rel}","templated":true}]}}