{"id":16995,"date":"2023-03-22T15:03:37","date_gmt":"2023-03-22T14:03:37","guid":{"rendered":"https:\/\/xn--urbaseal-i3a.es\/index.php\/producto\/mod-aimpe-almeria\/"},"modified":"2023-03-23T17:30:24","modified_gmt":"2023-03-23T16:30:24","slug":"mod-aimpe-almeria","status":"publish","type":"product","link":"https:\/\/xn--urbaseal-i3a.es\/?product=mod-aimpe-almeria","title":{"rendered":"MOD. AIMPE Almeria"},"content":{"rendered":"<p>Se\u00f1al peatonal de flecha\/lama en aluminio con posibilidad de indicaci\u00f3n en cualquier direcci\u00f3n y alturas distintas. La se\u00f1al est\u00e1 fabricada en distintos m\u00f3dulos compuestos por la lama de se\u00f1alizaci\u00f3n y la estructura de tubo exterior, pudi\u00e9ndoselas orientar el m\u00f3dulo en la direcci\u00f3n deseado y rotular a dos caras.<\/p>\n<p>&nbsp;<\/p>\n<p>&nbsp;<\/p>\n","protected":false},"excerpt":{"rendered":"<p>Se\u00f1al peatonal de flecha\/lama en aluminio con posibilidad de indicaci\u00f3n en cualquier direcci\u00f3n y alturas distintas. La se\u00f1al est\u00e1 fabricada<\/p>\n","protected":false},"featured_media":17874,"template":"","meta":[],"product_brand":[],"product_cat":[279,277],"product_tag":[],"class_list":{"0":"post-16995","1":"product","2":"type-product","3":"status-publish","4":"has-post-thumbnail","6":"product_cat-modelo-aimpe","7":"product_cat-senalizacion-urbana","9":"first","10":"instock","11":"shipping-taxable","12":"product-type-simple"},"aioseo_notices":[],"_links":{"self":[{"href":"https:\/\/xn--urbaseal-i3a.es\/index.php?rest_route=\/wp\/v2\/product\/16995","targetHints":{"allow":["GET"]}}],"collection":[{"href":"https:\/\/xn--urbaseal-i3a.es\/index.php?rest_route=\/wp\/v2\/product"}],"about":[{"href":"https:\/\/xn--urbaseal-i3a.es\/index.php?rest_route=\/wp\/v2\/types\/product"}],"version-history":[{"count":2,"href":"https:\/\/xn--urbaseal-i3a.es\/index.php?rest_route=\/wp\/v2\/product\/16995\/revisions"}],"predecessor-version":[{"id":17875,"href":"https:\/\/xn--urbaseal-i3a.es\/index.php?rest_route=\/wp\/v2\/product\/16995\/revisions\/17875"}],"wp:featuredmedia":[{"embeddable":true,"href":"https:\/\/xn--urbaseal-i3a.es\/index.php?rest_route=\/wp\/v2\/media\/17874"}],"wp:attachment":[{"href":"https:\/\/xn--urbaseal-i3a.es\/index.php?rest_route=%2Fwp%2Fv2%2Fmedia&parent=16995"}],"wp:term":[{"taxonomy":"product_brand","embeddable":true,"href":"https:\/\/xn--urbaseal-i3a.es\/index.php?rest_route=%2Fwp%2Fv2%2Fproduct_brand&post=16995"},{"taxonomy":"product_cat","embeddable":true,"href":"https:\/\/xn--urbaseal-i3a.es\/index.php?rest_route=%2Fwp%2Fv2%2Fproduct_cat&post=16995"},{"taxonomy":"product_tag","embeddable":true,"href":"https:\/\/xn--urbaseal-i3a.es\/index.php?rest_route=%2Fwp%2Fv2%2Fproduct_tag&post=16995"}],"curies":[{"name":"wp","href":"https:\/\/api.w.org\/{rel}","templated":true}]}}