{"id":17036,"date":"2023-03-22T15:03:46","date_gmt":"2023-03-22T14:03:46","guid":{"rendered":"https:\/\/xn--urbaseal-i3a.es\/index.php\/producto\/pintura-acrilica-exclusiva-25-kg\/"},"modified":"2023-07-12T10:08:28","modified_gmt":"2023-07-12T09:08:28","slug":"pintura-acrilica-exclusiva","status":"publish","type":"product","link":"https:\/\/xn--urbaseal-i3a.es\/?product=pintura-acrilica-exclusiva","title":{"rendered":"Pintura Acr\u00edlica Exclusiva"},"content":{"rendered":"<p>Pintura acr\u00edlica pura para se\u00f1alizaci\u00f3n horizontal de pavimentos, con base solvente org\u00e1nico arom\u00e1tico, de secado f\u00edsico. Las pinturas acr\u00edlicas base solvente son materiales de aplicaci\u00f3n sencilla, que permiten construir marcas viales termopl\u00e1sticas de baja plasticidad y elevada resistencia. Las pinturas acr\u00edlicas puras se desprenden f\u00e1cilmente del disolvente, lo que hace que presenten un secado y endurecimiento m\u00e1s r\u00e1pido. Pintura acr\u00edlica pura de altas prestaciones.<\/p>\n<p>Este material cumple con la norma europea EN 1871 y permite construir sistemas de se\u00f1alizaci\u00f3n vial horizontal que satisfacen los requisitos de la norma europea EN 1436, MARCADO CE.<\/p>\n","protected":false},"excerpt":{"rendered":"<p>Pintura acr\u00edlica pura para se\u00f1alizaci\u00f3n horizontal de pavimentos, con base solvente org\u00e1nico arom\u00e1tico, de secado f\u00edsico. Las pinturas acr\u00edlicas base<\/p>\n","protected":false},"featured_media":0,"template":"","meta":[],"product_brand":[],"product_cat":[283],"product_tag":[],"class_list":{"0":"post-17036","1":"product","2":"type-product","3":"status-publish","5":"product_cat-pintura-de-senalizacion-vial","7":"first","8":"instock","9":"shipping-taxable","10":"purchasable","11":"product-type-variable"},"aioseo_notices":[],"_links":{"self":[{"href":"https:\/\/xn--urbaseal-i3a.es\/index.php?rest_route=\/wp\/v2\/product\/17036","targetHints":{"allow":["GET"]}}],"collection":[{"href":"https:\/\/xn--urbaseal-i3a.es\/index.php?rest_route=\/wp\/v2\/product"}],"about":[{"href":"https:\/\/xn--urbaseal-i3a.es\/index.php?rest_route=\/wp\/v2\/types\/product"}],"version-history":[{"count":6,"href":"https:\/\/xn--urbaseal-i3a.es\/index.php?rest_route=\/wp\/v2\/product\/17036\/revisions"}],"predecessor-version":[{"id":19019,"href":"https:\/\/xn--urbaseal-i3a.es\/index.php?rest_route=\/wp\/v2\/product\/17036\/revisions\/19019"}],"wp:attachment":[{"href":"https:\/\/xn--urbaseal-i3a.es\/index.php?rest_route=%2Fwp%2Fv2%2Fmedia&parent=17036"}],"wp:term":[{"taxonomy":"product_brand","embeddable":true,"href":"https:\/\/xn--urbaseal-i3a.es\/index.php?rest_route=%2Fwp%2Fv2%2Fproduct_brand&post=17036"},{"taxonomy":"product_cat","embeddable":true,"href":"https:\/\/xn--urbaseal-i3a.es\/index.php?rest_route=%2Fwp%2Fv2%2Fproduct_cat&post=17036"},{"taxonomy":"product_tag","embeddable":true,"href":"https:\/\/xn--urbaseal-i3a.es\/index.php?rest_route=%2Fwp%2Fv2%2Fproduct_tag&post=17036"}],"curies":[{"name":"wp","href":"https:\/\/api.w.org\/{rel}","templated":true}]}}