{"id":17044,"date":"2023-03-22T15:03:48","date_gmt":"2023-03-22T14:03:48","guid":{"rendered":"https:\/\/xn--urbaseal-i3a.es\/index.php\/producto\/granulado-exclusivo-antideslizante-retroreflectante-20-kg\/"},"modified":"2023-07-07T08:04:03","modified_gmt":"2023-07-07T07:04:03","slug":"granulado-exclusivo-antideslizante-retroreflectante-20-kg","status":"publish","type":"product","link":"https:\/\/xn--urbaseal-i3a.es\/?product=granulado-exclusivo-antideslizante-retroreflectante-20-kg","title":{"rendered":"Granulado Especial Retrorreflectante y Antideslizante"},"content":{"rendered":"<p class=\"Standard\" style=\"line-height: 115%;\">Mezcla de granulado antiderrapante (corind\u00f3n y grano de vidrio) y microesfera de vidrio (sil\u00edcico &#8211; s\u00f3dico &#8211; c\u00e1lcico) para se\u00f1alizaci\u00f3n vial.<\/p>\n<p class=\"Standard\" style=\"line-height: 115%;\">Tratamiento de adherencia y granulometr\u00eda entre 125 y 850 micras.<\/p>\n<p class=\"Standard\" style=\"line-height: 115%;\">Material de postadici\u00f3n para marcas viales especiales (cebreados, flechas, s\u00edmbolos&#8230;).<\/p>\n<p>Este agregado cumple la norma europea EN 1423\/A1, ostenta marcado CE y se utiliza, en combinaci\u00f3n con pinturas de se\u00f1alizaci\u00f3n vial, para componer marcas viales que satisfacen los requisitos de la norma europea EN 1436.<\/p>\n","protected":false},"excerpt":{"rendered":"<p>Mezcla de granulado antiderrapante (corind\u00f3n y grano de vidrio) y microesfera de vidrio (sil\u00edcico &#8211; s\u00f3dico &#8211; c\u00e1lcico) para se\u00f1alizaci\u00f3n<\/p>\n","protected":false},"featured_media":0,"template":"","meta":[],"product_brand":[],"product_cat":[283],"product_tag":[],"class_list":{"0":"post-17044","1":"product","2":"type-product","3":"status-publish","5":"product_cat-pintura-de-senalizacion-vial","7":"first","8":"instock","9":"shipping-taxable","10":"product-type-simple"},"aioseo_notices":[],"_links":{"self":[{"href":"https:\/\/xn--urbaseal-i3a.es\/index.php?rest_route=\/wp\/v2\/product\/17044","targetHints":{"allow":["GET"]}}],"collection":[{"href":"https:\/\/xn--urbaseal-i3a.es\/index.php?rest_route=\/wp\/v2\/product"}],"about":[{"href":"https:\/\/xn--urbaseal-i3a.es\/index.php?rest_route=\/wp\/v2\/types\/product"}],"version-history":[{"count":3,"href":"https:\/\/xn--urbaseal-i3a.es\/index.php?rest_route=\/wp\/v2\/product\/17044\/revisions"}],"predecessor-version":[{"id":18971,"href":"https:\/\/xn--urbaseal-i3a.es\/index.php?rest_route=\/wp\/v2\/product\/17044\/revisions\/18971"}],"wp:attachment":[{"href":"https:\/\/xn--urbaseal-i3a.es\/index.php?rest_route=%2Fwp%2Fv2%2Fmedia&parent=17044"}],"wp:term":[{"taxonomy":"product_brand","embeddable":true,"href":"https:\/\/xn--urbaseal-i3a.es\/index.php?rest_route=%2Fwp%2Fv2%2Fproduct_brand&post=17044"},{"taxonomy":"product_cat","embeddable":true,"href":"https:\/\/xn--urbaseal-i3a.es\/index.php?rest_route=%2Fwp%2Fv2%2Fproduct_cat&post=17044"},{"taxonomy":"product_tag","embeddable":true,"href":"https:\/\/xn--urbaseal-i3a.es\/index.php?rest_route=%2Fwp%2Fv2%2Fproduct_tag&post=17044"}],"curies":[{"name":"wp","href":"https:\/\/api.w.org\/{rel}","templated":true}]}}