{"id":17046,"date":"2023-03-22T15:03:48","date_gmt":"2023-03-22T14:03:48","guid":{"rendered":"https:\/\/xn--urbaseal-i3a.es\/index.php\/producto\/diluyente-exclusivo-pintura-senalizacion-vial-25-lt\/"},"modified":"2023-07-07T08:48:32","modified_gmt":"2023-07-07T07:48:32","slug":"diluyente-para-pintura","status":"publish","type":"product","link":"https:\/\/xn--urbaseal-i3a.es\/?product=diluyente-para-pintura","title":{"rendered":"Diluyente Para Pintura"},"content":{"rendered":"<p class=\"Standard\" style=\"line-height: 115%;\">Diluyente normal para pintura de tr\u00e1fico.<\/p>\n<p>Disolvente org\u00e1nico arom\u00e1tico para pinturas de se\u00f1alizaci\u00f3n.<\/p>\n<p>Diluci\u00f3n de pinturas base solvente (cuando las condiciones de aplicaci\u00f3n de dichas pinturas la aconsejan).<\/p>\n","protected":false},"excerpt":{"rendered":"<p>Diluyente normal para pintura de tr\u00e1fico. Disolvente org\u00e1nico arom\u00e1tico para pinturas de se\u00f1alizaci\u00f3n. Diluci\u00f3n de pinturas base solvente (cuando las<\/p>\n","protected":false},"featured_media":0,"template":"","meta":[],"product_brand":[],"product_cat":[283],"product_tag":[],"class_list":{"0":"post-17046","1":"product","2":"type-product","3":"status-publish","5":"product_cat-pintura-de-senalizacion-vial","7":"first","8":"instock","9":"shipping-taxable","10":"product-type-simple"},"aioseo_notices":[],"_links":{"self":[{"href":"https:\/\/xn--urbaseal-i3a.es\/index.php?rest_route=\/wp\/v2\/product\/17046","targetHints":{"allow":["GET"]}}],"collection":[{"href":"https:\/\/xn--urbaseal-i3a.es\/index.php?rest_route=\/wp\/v2\/product"}],"about":[{"href":"https:\/\/xn--urbaseal-i3a.es\/index.php?rest_route=\/wp\/v2\/types\/product"}],"version-history":[{"count":4,"href":"https:\/\/xn--urbaseal-i3a.es\/index.php?rest_route=\/wp\/v2\/product\/17046\/revisions"}],"predecessor-version":[{"id":19021,"href":"https:\/\/xn--urbaseal-i3a.es\/index.php?rest_route=\/wp\/v2\/product\/17046\/revisions\/19021"}],"wp:attachment":[{"href":"https:\/\/xn--urbaseal-i3a.es\/index.php?rest_route=%2Fwp%2Fv2%2Fmedia&parent=17046"}],"wp:term":[{"taxonomy":"product_brand","embeddable":true,"href":"https:\/\/xn--urbaseal-i3a.es\/index.php?rest_route=%2Fwp%2Fv2%2Fproduct_brand&post=17046"},{"taxonomy":"product_cat","embeddable":true,"href":"https:\/\/xn--urbaseal-i3a.es\/index.php?rest_route=%2Fwp%2Fv2%2Fproduct_cat&post=17046"},{"taxonomy":"product_tag","embeddable":true,"href":"https:\/\/xn--urbaseal-i3a.es\/index.php?rest_route=%2Fwp%2Fv2%2Fproduct_tag&post=17046"}],"curies":[{"name":"wp","href":"https:\/\/api.w.org\/{rel}","templated":true}]}}