{"id":18953,"date":"2023-07-06T11:12:38","date_gmt":"2023-07-06T10:12:38","guid":{"rendered":"https:\/\/xn--urbaseal-i3a.es\/?post_type=product&#038;p=18953"},"modified":"2023-07-07T08:49:37","modified_gmt":"2023-07-07T07:49:37","slug":"imprimacion-acrilica-base-solvente","status":"publish","type":"product","link":"https:\/\/xn--urbaseal-i3a.es\/?product=imprimacion-acrilica-base-solvente","title":{"rendered":"Imprimaci\u00f3n Acr\u00edlica Base Solvente"},"content":{"rendered":"<p>Imprimaci\u00f3n acr\u00edlica base solvente org\u00e1nico arom\u00e1tico. Imprimaci\u00f3n adhesiva para mejorar la adherencia de las marcas viales sobre pavimentos con escala afinidad.<\/p>\n","protected":false},"excerpt":{"rendered":"<p>Imprimaci\u00f3n acr\u00edlica base solvente org\u00e1nico arom\u00e1tico. Imprimaci\u00f3n adhesiva para mejorar la adherencia de las marcas viales sobre pavimentos con escala<\/p>\n","protected":false},"featured_media":0,"template":"","meta":[],"product_brand":[],"product_cat":[283],"product_tag":[],"class_list":{"0":"post-18953","1":"product","2":"type-product","3":"status-publish","5":"product_cat-pintura-de-senalizacion-vial","7":"first","8":"instock","9":"shipping-taxable","10":"product-type-simple"},"aioseo_notices":[],"_links":{"self":[{"href":"https:\/\/xn--urbaseal-i3a.es\/index.php?rest_route=\/wp\/v2\/product\/18953","targetHints":{"allow":["GET"]}}],"collection":[{"href":"https:\/\/xn--urbaseal-i3a.es\/index.php?rest_route=\/wp\/v2\/product"}],"about":[{"href":"https:\/\/xn--urbaseal-i3a.es\/index.php?rest_route=\/wp\/v2\/types\/product"}],"version-history":[{"count":3,"href":"https:\/\/xn--urbaseal-i3a.es\/index.php?rest_route=\/wp\/v2\/product\/18953\/revisions"}],"predecessor-version":[{"id":19022,"href":"https:\/\/xn--urbaseal-i3a.es\/index.php?rest_route=\/wp\/v2\/product\/18953\/revisions\/19022"}],"wp:attachment":[{"href":"https:\/\/xn--urbaseal-i3a.es\/index.php?rest_route=%2Fwp%2Fv2%2Fmedia&parent=18953"}],"wp:term":[{"taxonomy":"product_brand","embeddable":true,"href":"https:\/\/xn--urbaseal-i3a.es\/index.php?rest_route=%2Fwp%2Fv2%2Fproduct_brand&post=18953"},{"taxonomy":"product_cat","embeddable":true,"href":"https:\/\/xn--urbaseal-i3a.es\/index.php?rest_route=%2Fwp%2Fv2%2Fproduct_cat&post=18953"},{"taxonomy":"product_tag","embeddable":true,"href":"https:\/\/xn--urbaseal-i3a.es\/index.php?rest_route=%2Fwp%2Fv2%2Fproduct_tag&post=18953"}],"curies":[{"name":"wp","href":"https:\/\/api.w.org\/{rel}","templated":true}]}}