{"id":19054,"date":"2023-07-12T09:26:37","date_gmt":"2023-07-12T08:26:37","guid":{"rendered":"https:\/\/xn--urbaseal-i3a.es\/?post_type=product&#038;p=19054"},"modified":"2023-07-12T09:45:15","modified_gmt":"2023-07-12T08:45:15","slug":"aglomerado-asfaltico-fraguado-en-frio","status":"publish","type":"product","link":"https:\/\/xn--urbaseal-i3a.es\/?product=aglomerado-asfaltico-fraguado-en-frio","title":{"rendered":"Aglomerado Asf\u00e1ltico Fraguado en Fr\u00edo"},"content":{"rendered":"<p>Nuestro Aglomerado Asf\u00e1ltico es especial por su composici\u00f3n y comportamiento en cualquier situaci\u00f3n. Tiene un rendimiento de un metro cuadrado de superficie por cubo con un espesor de capa de 1,5 cm. Con \u00e1ridos p\u00f3rfidos de 3 a 8 mm de granulometr\u00eda, seleccionados y un fraguado al contacto del aire, terminando su endurecimiento en un corto plazo de tiempo.<\/p>\n","protected":false},"excerpt":{"rendered":"<p>Nuestro Aglomerado Asf\u00e1ltico es especial por su composici\u00f3n y comportamiento en cualquier situaci\u00f3n. Tiene un rendimiento de un metro cuadrado<\/p>\n","protected":false},"featured_media":0,"template":"","meta":[],"product_brand":[],"product_cat":[341],"product_tag":[],"class_list":{"0":"post-19054","1":"product","2":"type-product","3":"status-publish","5":"product_cat-mantenimiento-vial","7":"first","8":"instock","9":"shipping-taxable","10":"product-type-simple"},"aioseo_notices":[],"_links":{"self":[{"href":"https:\/\/xn--urbaseal-i3a.es\/index.php?rest_route=\/wp\/v2\/product\/19054","targetHints":{"allow":["GET"]}}],"collection":[{"href":"https:\/\/xn--urbaseal-i3a.es\/index.php?rest_route=\/wp\/v2\/product"}],"about":[{"href":"https:\/\/xn--urbaseal-i3a.es\/index.php?rest_route=\/wp\/v2\/types\/product"}],"version-history":[{"count":1,"href":"https:\/\/xn--urbaseal-i3a.es\/index.php?rest_route=\/wp\/v2\/product\/19054\/revisions"}],"predecessor-version":[{"id":19055,"href":"https:\/\/xn--urbaseal-i3a.es\/index.php?rest_route=\/wp\/v2\/product\/19054\/revisions\/19055"}],"wp:attachment":[{"href":"https:\/\/xn--urbaseal-i3a.es\/index.php?rest_route=%2Fwp%2Fv2%2Fmedia&parent=19054"}],"wp:term":[{"taxonomy":"product_brand","embeddable":true,"href":"https:\/\/xn--urbaseal-i3a.es\/index.php?rest_route=%2Fwp%2Fv2%2Fproduct_brand&post=19054"},{"taxonomy":"product_cat","embeddable":true,"href":"https:\/\/xn--urbaseal-i3a.es\/index.php?rest_route=%2Fwp%2Fv2%2Fproduct_cat&post=19054"},{"taxonomy":"product_tag","embeddable":true,"href":"https:\/\/xn--urbaseal-i3a.es\/index.php?rest_route=%2Fwp%2Fv2%2Fproduct_tag&post=19054"}],"curies":[{"name":"wp","href":"https:\/\/api.w.org\/{rel}","templated":true}]}}