{"id":19059,"date":"2023-07-12T09:26:37","date_gmt":"2023-07-12T08:26:37","guid":{"rendered":"https:\/\/xn--urbaseal-i3a.es\/?post_type=product&#038;p=19059"},"modified":"2023-07-12T09:26:37","modified_gmt":"2023-07-12T08:26:37","slug":"mortero-para-fraguado-rapido-para-nivelacion-de-tapas-de-registro","status":"publish","type":"product","link":"https:\/\/xn--urbaseal-i3a.es\/?product=mortero-para-fraguado-rapido-para-nivelacion-de-tapas-de-registro","title":{"rendered":"Mortero Para Fraguado R\u00e1pido Para Nivelaci\u00f3n de Tapas de Registro"},"content":{"rendered":"<p>Es un mortero monocomponente de fraguado r\u00e1pido en base a cementos especiales, s\u00edlices y aditivos dise\u00f1ado para la nivelaci\u00f3n de tapas de registro de nueva construcci\u00f3n y reparaciones para uso inmediato.<\/p>\n","protected":false},"excerpt":{"rendered":"<p>Es un mortero monocomponente de fraguado r\u00e1pido en base a cementos especiales, s\u00edlices y aditivos dise\u00f1ado para la nivelaci\u00f3n de<\/p>\n","protected":false},"featured_media":0,"template":"","meta":[],"product_brand":[],"product_cat":[341],"product_tag":[],"class_list":{"0":"post-19059","1":"product","2":"type-product","3":"status-publish","5":"product_cat-mantenimiento-vial","7":"first","8":"instock","9":"shipping-taxable","10":"purchasable","11":"product-type-variable"},"aioseo_notices":[],"_links":{"self":[{"href":"https:\/\/xn--urbaseal-i3a.es\/index.php?rest_route=\/wp\/v2\/product\/19059","targetHints":{"allow":["GET"]}}],"collection":[{"href":"https:\/\/xn--urbaseal-i3a.es\/index.php?rest_route=\/wp\/v2\/product"}],"about":[{"href":"https:\/\/xn--urbaseal-i3a.es\/index.php?rest_route=\/wp\/v2\/types\/product"}],"version-history":[{"count":2,"href":"https:\/\/xn--urbaseal-i3a.es\/index.php?rest_route=\/wp\/v2\/product\/19059\/revisions"}],"predecessor-version":[{"id":19061,"href":"https:\/\/xn--urbaseal-i3a.es\/index.php?rest_route=\/wp\/v2\/product\/19059\/revisions\/19061"}],"wp:attachment":[{"href":"https:\/\/xn--urbaseal-i3a.es\/index.php?rest_route=%2Fwp%2Fv2%2Fmedia&parent=19059"}],"wp:term":[{"taxonomy":"product_brand","embeddable":true,"href":"https:\/\/xn--urbaseal-i3a.es\/index.php?rest_route=%2Fwp%2Fv2%2Fproduct_brand&post=19059"},{"taxonomy":"product_cat","embeddable":true,"href":"https:\/\/xn--urbaseal-i3a.es\/index.php?rest_route=%2Fwp%2Fv2%2Fproduct_cat&post=19059"},{"taxonomy":"product_tag","embeddable":true,"href":"https:\/\/xn--urbaseal-i3a.es\/index.php?rest_route=%2Fwp%2Fv2%2Fproduct_tag&post=19059"}],"curies":[{"name":"wp","href":"https:\/\/api.w.org\/{rel}","templated":true}]}}