{"id":19064,"date":"2023-07-12T09:26:36","date_gmt":"2023-07-12T08:26:36","guid":{"rendered":"https:\/\/xn--urbaseal-i3a.es\/?post_type=product&#038;p=19064"},"modified":"2023-07-12T09:26:36","modified_gmt":"2023-07-12T08:26:36","slug":"mortero-de-fraguado-rapido-para-la-reparacion-de-hormigon-en-autovias-puentes-y-areas-industriales-sometidas-a-trafico-rodado","status":"publish","type":"product","link":"https:\/\/xn--urbaseal-i3a.es\/?product=mortero-de-fraguado-rapido-para-la-reparacion-de-hormigon-en-autovias-puentes-y-areas-industriales-sometidas-a-trafico-rodado","title":{"rendered":"Mortero de Fraguado R\u00e1pido Para la Reparaci\u00f3n de Hormig\u00f3n en Autov\u00edas, Puentes y \u00c1reas Industriales Sometidas a Tr\u00e1fico Rodado"},"content":{"rendered":"","protected":false},"excerpt":{"rendered":"","protected":false},"featured_media":0,"template":"","meta":[],"product_brand":[],"product_cat":[341],"product_tag":[],"class_list":{"0":"post-19064","1":"product","2":"type-product","3":"status-publish","5":"product_cat-mantenimiento-vial","7":"first","8":"instock","9":"shipping-taxable","10":"purchasable","11":"product-type-variable"},"aioseo_notices":[],"_links":{"self":[{"href":"https:\/\/xn--urbaseal-i3a.es\/index.php?rest_route=\/wp\/v2\/product\/19064","targetHints":{"allow":["GET"]}}],"collection":[{"href":"https:\/\/xn--urbaseal-i3a.es\/index.php?rest_route=\/wp\/v2\/product"}],"about":[{"href":"https:\/\/xn--urbaseal-i3a.es\/index.php?rest_route=\/wp\/v2\/types\/product"}],"version-history":[{"count":1,"href":"https:\/\/xn--urbaseal-i3a.es\/index.php?rest_route=\/wp\/v2\/product\/19064\/revisions"}],"predecessor-version":[{"id":19069,"href":"https:\/\/xn--urbaseal-i3a.es\/index.php?rest_route=\/wp\/v2\/product\/19064\/revisions\/19069"}],"wp:attachment":[{"href":"https:\/\/xn--urbaseal-i3a.es\/index.php?rest_route=%2Fwp%2Fv2%2Fmedia&parent=19064"}],"wp:term":[{"taxonomy":"product_brand","embeddable":true,"href":"https:\/\/xn--urbaseal-i3a.es\/index.php?rest_route=%2Fwp%2Fv2%2Fproduct_brand&post=19064"},{"taxonomy":"product_cat","embeddable":true,"href":"https:\/\/xn--urbaseal-i3a.es\/index.php?rest_route=%2Fwp%2Fv2%2Fproduct_cat&post=19064"},{"taxonomy":"product_tag","embeddable":true,"href":"https:\/\/xn--urbaseal-i3a.es\/index.php?rest_route=%2Fwp%2Fv2%2Fproduct_tag&post=19064"}],"curies":[{"name":"wp","href":"https:\/\/api.w.org\/{rel}","templated":true}]}}