{"id":19082,"date":"2023-07-12T10:40:55","date_gmt":"2023-07-12T09:40:55","guid":{"rendered":"https:\/\/xn--urbaseal-i3a.es\/?post_type=product&#038;p=19082"},"modified":"2023-07-12T10:42:24","modified_gmt":"2023-07-12T09:42:24","slug":"perfil-bituminoso-autoadhesivo-con-solape-para-el-sellado-de-juntas-y-uniones-en-la-construccion-de-carreteras-de-asfalto-de-40mm-de-ancho-y-10-mm-de-grosor","status":"publish","type":"product","link":"https:\/\/xn--urbaseal-i3a.es\/?product=perfil-bituminoso-autoadhesivo-con-solape-para-el-sellado-de-juntas-y-uniones-en-la-construccion-de-carreteras-de-asfalto-de-40mm-de-ancho-y-10-mm-de-grosor","title":{"rendered":"Perfil Bituminoso Autoadhesivo Con Solape Para El Sellado de Juntas y Uniones en la Construcci\u00f3n de Carreteras de Asfalto de 40mm de Ancho y 10 mm de Grosor"},"content":{"rendered":"<p>Es un perfil bituminoso de alta calidad, enriquecido con pol\u00edmeros, para el sellado de juntas en la construcci\u00f3n de carreteras, con excelentes propiedades el\u00e1sticas y adhesivas. El perfil est\u00e1 dotado por una cara de una capa adhesiva homog\u00e9nea (lado liso) por toda la superficie y, adem\u00e1s, este mismo lado cuenta con una protuberancia en el canto superior. Por tanto, puede adherirse de forma r\u00e1pida, segura y a la altura exacta y sin necesidad de utilizar llama en el canto \u00abfr\u00edo\u00bb de la junta. El perfil puede aplicarse sin imprimaci\u00f3n al canto seco correctamente limpiado, seco y libre de polvo. El lado ligeramente perfilado (ondulado) del perfil bituminoso identifica la cara sin revestimiento adhesivo. En esta cara se integra posteriormente la mezcla asf\u00e1ltica \u00abcaliente\u00bb.<br \/>\nLas propiedades de adherencia del perfil contra el canto de la junta pueden mejorarse en caso necesario aplicando la imprimaci\u00f3n.<\/p>\n","protected":false},"excerpt":{"rendered":"<p>Es un perfil bituminoso de alta calidad, enriquecido con pol\u00edmeros, para el sellado de juntas en la construcci\u00f3n de carreteras,<\/p>\n","protected":false},"featured_media":0,"template":"","meta":[],"product_brand":[],"product_cat":[341],"product_tag":[],"class_list":{"0":"post-19082","1":"product","2":"type-product","3":"status-publish","5":"product_cat-mantenimiento-vial","7":"first","8":"instock","9":"shipping-taxable","10":"product-type-simple"},"aioseo_notices":[],"_links":{"self":[{"href":"https:\/\/xn--urbaseal-i3a.es\/index.php?rest_route=\/wp\/v2\/product\/19082","targetHints":{"allow":["GET"]}}],"collection":[{"href":"https:\/\/xn--urbaseal-i3a.es\/index.php?rest_route=\/wp\/v2\/product"}],"about":[{"href":"https:\/\/xn--urbaseal-i3a.es\/index.php?rest_route=\/wp\/v2\/types\/product"}],"version-history":[{"count":3,"href":"https:\/\/xn--urbaseal-i3a.es\/index.php?rest_route=\/wp\/v2\/product\/19082\/revisions"}],"predecessor-version":[{"id":19084,"href":"https:\/\/xn--urbaseal-i3a.es\/index.php?rest_route=\/wp\/v2\/product\/19082\/revisions\/19084"}],"wp:attachment":[{"href":"https:\/\/xn--urbaseal-i3a.es\/index.php?rest_route=%2Fwp%2Fv2%2Fmedia&parent=19082"}],"wp:term":[{"taxonomy":"product_brand","embeddable":true,"href":"https:\/\/xn--urbaseal-i3a.es\/index.php?rest_route=%2Fwp%2Fv2%2Fproduct_brand&post=19082"},{"taxonomy":"product_cat","embeddable":true,"href":"https:\/\/xn--urbaseal-i3a.es\/index.php?rest_route=%2Fwp%2Fv2%2Fproduct_cat&post=19082"},{"taxonomy":"product_tag","embeddable":true,"href":"https:\/\/xn--urbaseal-i3a.es\/index.php?rest_route=%2Fwp%2Fv2%2Fproduct_tag&post=19082"}],"curies":[{"name":"wp","href":"https:\/\/api.w.org\/{rel}","templated":true}]}}